{"id":273,"date":"2023-04-11T15:54:40","date_gmt":"2023-04-11T13:54:40","guid":{"rendered":"https:\/\/arboriculteurs-sarreguemines-neunkirch.fr\/?page_id=273"},"modified":"2025-04-27T16:20:52","modified_gmt":"2025-04-27T14:20:52","slug":"liste-des-arbres-par-proprietaire","status":"publish","type":"page","link":"https:\/\/arboriculteurs-sarreguemines-neunkirch.fr\/index.php\/verger\/liste-des-arbres-par-proprietaire\/","title":{"rendered":"Liste des arbres par propri\u00e9taire"},"content":{"rendered":"\t\t<div data-elementor-type=\"wp-page\" data-elementor-id=\"273\" class=\"elementor elementor-273\">\n\t\t\t\t\t\t<section class=\"elementor-section elementor-top-section elementor-element elementor-element-30083b8 elementor-section-boxed elementor-section-height-default elementor-section-height-default\" data-id=\"30083b8\" data-element_type=\"section\" data-e-type=\"section\" data-settings=\"{&quot;background_background&quot;:&quot;classic&quot;}\">\n\t\t\t\t\t\t<div class=\"elementor-container elementor-column-gap-default\">\n\t\t\t\t\t<div class=\"elementor-column elementor-col-100 elementor-top-column elementor-element elementor-element-f3203d4\" data-id=\"f3203d4\" data-element_type=\"column\" data-e-type=\"column\">\n\t\t\t<div class=\"elementor-widget-wrap elementor-element-populated\">\n\t\t\t\t\t\t<div class=\"elementor-element elementor-element-f7492e8 elementor-widget elementor-widget-heading\" data-id=\"f7492e8\" data-element_type=\"widget\" data-e-type=\"widget\" data-widget_type=\"heading.default\">\n\t\t\t\t<div class=\"elementor-widget-container\">\n\t\t\t\t\t<h2 class=\"elementor-heading-title elementor-size-default\">Liste des arbres par propri\u00e9taire (mise \u00e0 jour le 27\/04\/2025)<\/h2>\t\t\t\t<\/div>\n\t\t\t\t<\/div>\n\t\t\t\t\t<\/div>\n\t\t<\/div>\n\t\t\t\t\t<\/div>\n\t\t<\/section>\n\t\t\t\t<section class=\"elementor-section elementor-top-section elementor-element elementor-element-87f921e elementor-section-boxed elementor-section-height-default elementor-section-height-default\" data-id=\"87f921e\" data-element_type=\"section\" data-e-type=\"section\">\n\t\t\t\t\t\t<div class=\"elementor-container elementor-column-gap-default\">\n\t\t\t\t\t<div class=\"elementor-column elementor-col-100 elementor-top-column elementor-element elementor-element-2c9f626\" data-id=\"2c9f626\" data-element_type=\"column\" data-e-type=\"column\">\n\t\t\t<div class=\"elementor-widget-wrap elementor-element-populated\">\n\t\t\t\t\t\t<div class=\"elementor-element elementor-element-d601fba elementor-widget elementor-widget-text-editor\" data-id=\"d601fba\" data-element_type=\"widget\" data-e-type=\"widget\" data-widget_type=\"text-editor.default\">\n\t\t\t\t<div class=\"elementor-widget-container\">\n\t\t\t\t\t\t\t\t\t<p>T\u00e9l\u00e9charger la liste PDF :<a href=\"https:\/\/drive.google.com\/file\/d\/1hhFD9L1zgtTowMojElgcBt4ogPa9-luT\/view?usp=sharing\">Liste des arbres par propri\u00e9taire<\/a><\/p>\t\t\t\t\t\t\t\t<\/div>\n\t\t\t\t<\/div>\n\t\t\t\t\t<\/div>\n\t\t<\/div>\n\t\t\t\t\t<\/div>\n\t\t<\/section>\n\t\t\t\t<section class=\"elementor-section elementor-top-section elementor-element elementor-element-f2a82d6 elementor-section-boxed elementor-section-height-default elementor-section-height-default\" data-id=\"f2a82d6\" data-element_type=\"section\" data-e-type=\"section\">\n\t\t\t\t\t\t<div class=\"elementor-container elementor-column-gap-default\">\n\t\t\t\t\t<div class=\"elementor-column elementor-col-100 elementor-top-column elementor-element elementor-element-bfa469f\" data-id=\"bfa469f\" data-element_type=\"column\" data-e-type=\"column\">\n\t\t\t<div class=\"elementor-widget-wrap elementor-element-populated\">\n\t\t\t\t\t\t<div class=\"elementor-element elementor-element-a93eccd elementor-widget elementor-widget-image\" data-id=\"a93eccd\" data-element_type=\"widget\" data-e-type=\"widget\" data-widget_type=\"image.default\">\n\t\t\t\t<div class=\"elementor-widget-container\">\n\t\t\t\t\t\t\t\t\t\t\t\t\t\t\t<img fetchpriority=\"high\" decoding=\"async\" width=\"719\" height=\"945\" src=\"https:\/\/arboriculteurs-sarreguemines-neunkirch.fr\/wp-content\/uploads\/2025\/04\/Liste-arbres-par-Proprio_01-27-04-2025.jpg\" class=\"attachment-large size-large wp-image-587\" alt=\"\" srcset=\"https:\/\/arboriculteurs-sarreguemines-neunkirch.fr\/wp-content\/uploads\/2025\/04\/Liste-arbres-par-Proprio_01-27-04-2025.jpg 719w, https:\/\/arboriculteurs-sarreguemines-neunkirch.fr\/wp-content\/uploads\/2025\/04\/Liste-arbres-par-Proprio_01-27-04-2025-228x300.jpg 228w\" sizes=\"(max-width: 719px) 100vw, 719px\" \/>\t\t\t\t\t\t\t\t\t\t\t\t\t\t\t<\/div>\n\t\t\t\t<\/div>\n\t\t\t\t\t<\/div>\n\t\t<\/div>\n\t\t\t\t\t<\/div>\n\t\t<\/section>\n\t\t\t\t<section class=\"elementor-section elementor-top-section elementor-element elementor-element-0cfaaa7 elementor-section-boxed elementor-section-height-default elementor-section-height-default\" data-id=\"0cfaaa7\" data-element_type=\"section\" data-e-type=\"section\">\n\t\t\t\t\t\t<div class=\"elementor-container elementor-column-gap-default\">\n\t\t\t\t\t<div class=\"elementor-column elementor-col-100 elementor-top-column elementor-element elementor-element-66228d5\" data-id=\"66228d5\" data-element_type=\"column\" data-e-type=\"column\">\n\t\t\t<div class=\"elementor-widget-wrap elementor-element-populated\">\n\t\t\t\t\t\t<div class=\"elementor-element elementor-element-c07d9b8 elementor-widget elementor-widget-image\" data-id=\"c07d9b8\" data-element_type=\"widget\" data-e-type=\"widget\" data-widget_type=\"image.default\">\n\t\t\t\t<div class=\"elementor-widget-container\">\n\t\t\t\t\t\t\t\t\t\t\t\t\t\t\t<img decoding=\"async\" width=\"714\" height=\"915\" src=\"https:\/\/arboriculteurs-sarreguemines-neunkirch.fr\/wp-content\/uploads\/2025\/04\/Liste-arbres-par-Proprio_02-27-04-2025.jpg\" class=\"attachment-large size-large wp-image-588\" alt=\"\" srcset=\"https:\/\/arboriculteurs-sarreguemines-neunkirch.fr\/wp-content\/uploads\/2025\/04\/Liste-arbres-par-Proprio_02-27-04-2025.jpg 714w, https:\/\/arboriculteurs-sarreguemines-neunkirch.fr\/wp-content\/uploads\/2025\/04\/Liste-arbres-par-Proprio_02-27-04-2025-234x300.jpg 234w\" sizes=\"(max-width: 714px) 100vw, 714px\" \/>\t\t\t\t\t\t\t\t\t\t\t\t\t\t\t<\/div>\n\t\t\t\t<\/div>\n\t\t\t\t\t<\/div>\n\t\t<\/div>\n\t\t\t\t\t<\/div>\n\t\t<\/section>\n\t\t\t\t<section class=\"elementor-section elementor-top-section elementor-element elementor-element-35797dc elementor-section-boxed elementor-section-height-default elementor-section-height-default\" data-id=\"35797dc\" data-element_type=\"section\" data-e-type=\"section\">\n\t\t\t\t\t\t<div class=\"elementor-container elementor-column-gap-default\">\n\t\t\t\t\t<div class=\"elementor-column elementor-col-100 elementor-top-column elementor-element elementor-element-e06ac2f\" data-id=\"e06ac2f\" data-element_type=\"column\" data-e-type=\"column\">\n\t\t\t<div class=\"elementor-widget-wrap elementor-element-populated\">\n\t\t\t\t\t\t<div class=\"elementor-element elementor-element-f667043 elementor-widget elementor-widget-image\" data-id=\"f667043\" data-element_type=\"widget\" data-e-type=\"widget\" data-widget_type=\"image.default\">\n\t\t\t\t<div class=\"elementor-widget-container\">\n\t\t\t\t\t\t\t\t\t\t\t\t\t\t\t<img decoding=\"async\" width=\"718\" height=\"936\" src=\"https:\/\/arboriculteurs-sarreguemines-neunkirch.fr\/wp-content\/uploads\/2025\/04\/Liste-arbres-par-Proprio_03-27-04-2025.jpg\" class=\"attachment-large size-large wp-image-589\" alt=\"\" srcset=\"https:\/\/arboriculteurs-sarreguemines-neunkirch.fr\/wp-content\/uploads\/2025\/04\/Liste-arbres-par-Proprio_03-27-04-2025.jpg 718w, https:\/\/arboriculteurs-sarreguemines-neunkirch.fr\/wp-content\/uploads\/2025\/04\/Liste-arbres-par-Proprio_03-27-04-2025-230x300.jpg 230w\" sizes=\"(max-width: 718px) 100vw, 718px\" \/>\t\t\t\t\t\t\t\t\t\t\t\t\t\t\t<\/div>\n\t\t\t\t<\/div>\n\t\t\t\t\t<\/div>\n\t\t<\/div>\n\t\t\t\t\t<\/div>\n\t\t<\/section>\n\t\t\t\t<section class=\"elementor-section elementor-top-section elementor-element elementor-element-ef1783a elementor-section-boxed elementor-section-height-default elementor-section-height-default\" data-id=\"ef1783a\" data-element_type=\"section\" data-e-type=\"section\">\n\t\t\t\t\t\t<div class=\"elementor-container elementor-column-gap-default\">\n\t\t\t\t\t<div class=\"elementor-column elementor-col-100 elementor-top-column elementor-element elementor-element-c5c905c\" data-id=\"c5c905c\" data-element_type=\"column\" data-e-type=\"column\">\n\t\t\t<div class=\"elementor-widget-wrap elementor-element-populated\">\n\t\t\t\t\t\t<div class=\"elementor-element elementor-element-bbb484f elementor-widget elementor-widget-image\" data-id=\"bbb484f\" data-element_type=\"widget\" data-e-type=\"widget\" data-widget_type=\"image.default\">\n\t\t\t\t<div class=\"elementor-widget-container\">\n\t\t\t\t\t\t\t\t\t\t\t\t\t\t\t<img loading=\"lazy\" decoding=\"async\" width=\"713\" height=\"800\" src=\"https:\/\/arboriculteurs-sarreguemines-neunkirch.fr\/wp-content\/uploads\/2025\/04\/Liste-arbres-par-Proprio_04-27-04-2025.jpg\" class=\"attachment-large size-large wp-image-590\" alt=\"\" srcset=\"https:\/\/arboriculteurs-sarreguemines-neunkirch.fr\/wp-content\/uploads\/2025\/04\/Liste-arbres-par-Proprio_04-27-04-2025.jpg 713w, https:\/\/arboriculteurs-sarreguemines-neunkirch.fr\/wp-content\/uploads\/2025\/04\/Liste-arbres-par-Proprio_04-27-04-2025-267x300.jpg 267w\" sizes=\"(max-width: 713px) 100vw, 713px\" \/>\t\t\t\t\t\t\t\t\t\t\t\t\t\t\t<\/div>\n\t\t\t\t<\/div>\n\t\t\t\t\t<\/div>\n\t\t<\/div>\n\t\t\t\t\t<\/div>\n\t\t<\/section>\n\t\t\t\t<section class=\"elementor-section elementor-top-section elementor-element elementor-element-4ed67f6 elementor-section-boxed elementor-section-height-default elementor-section-height-default\" data-id=\"4ed67f6\" data-element_type=\"section\" data-e-type=\"section\">\n\t\t\t\t\t\t<div class=\"elementor-container elementor-column-gap-default\">\n\t\t\t\t\t<div class=\"elementor-column elementor-col-100 elementor-top-column elementor-element elementor-element-495d44f\" data-id=\"495d44f\" data-element_type=\"column\" data-e-type=\"column\">\n\t\t\t<div class=\"elementor-widget-wrap elementor-element-populated\">\n\t\t\t\t\t\t<div class=\"elementor-element elementor-element-d84ceac elementor-widget elementor-widget-image\" data-id=\"d84ceac\" data-element_type=\"widget\" data-e-type=\"widget\" data-widget_type=\"image.default\">\n\t\t\t\t<div class=\"elementor-widget-container\">\n\t\t\t\t\t\t\t\t\t\t\t\t\t\t\t<img loading=\"lazy\" decoding=\"async\" width=\"715\" height=\"571\" src=\"https:\/\/arboriculteurs-sarreguemines-neunkirch.fr\/wp-content\/uploads\/2025\/04\/Liste-arbres-par-Proprio_05-27-04-2025.jpg\" class=\"attachment-large size-large wp-image-591\" alt=\"\" srcset=\"https:\/\/arboriculteurs-sarreguemines-neunkirch.fr\/wp-content\/uploads\/2025\/04\/Liste-arbres-par-Proprio_05-27-04-2025.jpg 715w, https:\/\/arboriculteurs-sarreguemines-neunkirch.fr\/wp-content\/uploads\/2025\/04\/Liste-arbres-par-Proprio_05-27-04-2025-300x240.jpg 300w\" sizes=\"(max-width: 715px) 100vw, 715px\" \/>\t\t\t\t\t\t\t\t\t\t\t\t\t\t\t<\/div>\n\t\t\t\t<\/div>\n\t\t\t\t\t<\/div>\n\t\t<\/div>\n\t\t\t\t\t<\/div>\n\t\t<\/section>\n\t\t\t\t<section class=\"elementor-section elementor-top-section elementor-element elementor-element-b935ee3 elementor-section-boxed elementor-section-height-default elementor-section-height-default\" data-id=\"b935ee3\" data-element_type=\"section\" data-e-type=\"section\">\n\t\t\t\t\t\t<div class=\"elementor-container elementor-column-gap-default\">\n\t\t\t\t\t<div class=\"elementor-column elementor-col-100 elementor-top-column elementor-element elementor-element-a1d7f41\" data-id=\"a1d7f41\" data-element_type=\"column\" data-e-type=\"column\">\n\t\t\t<div class=\"elementor-widget-wrap elementor-element-populated\">\n\t\t\t\t\t\t<div class=\"elementor-element elementor-element-62e5644 elementor-widget elementor-widget-image\" data-id=\"62e5644\" data-element_type=\"widget\" data-e-type=\"widget\" data-widget_type=\"image.default\">\n\t\t\t\t<div class=\"elementor-widget-container\">\n\t\t\t\t\t\t\t\t\t\t\t\t\t\t\t<img decoding=\"async\" src=\"https:\/\/arboriculteurs-sarreguemines-neunkirch.fr\/wp-content\/uploads\/2023\/04\/Liste-arbres-par-Proprio_05-31-03-2023.png\" title=\"\" alt=\"\" loading=\"lazy\" \/>\t\t\t\t\t\t\t\t\t\t\t\t\t\t\t<\/div>\n\t\t\t\t<\/div>\n\t\t\t\t\t<\/div>\n\t\t<\/div>\n\t\t\t\t\t<\/div>\n\t\t<\/section>\n\t\t\t\t<section class=\"elementor-section elementor-top-section elementor-element elementor-element-abb6c4b elementor-section-boxed elementor-section-height-default elementor-section-height-default\" data-id=\"abb6c4b\" data-element_type=\"section\" data-e-type=\"section\">\n\t\t\t\t\t\t<div class=\"elementor-container elementor-column-gap-default\">\n\t\t\t\t\t<div class=\"elementor-column elementor-col-100 elementor-top-column elementor-element elementor-element-22ae35f\" data-id=\"22ae35f\" data-element_type=\"column\" data-e-type=\"column\">\n\t\t\t<div class=\"elementor-widget-wrap elementor-element-populated\">\n\t\t\t\t\t\t<div class=\"elementor-element elementor-element-1f8a35d elementor-widget elementor-widget-image\" data-id=\"1f8a35d\" data-element_type=\"widget\" data-e-type=\"widget\" data-widget_type=\"image.default\">\n\t\t\t\t<div class=\"elementor-widget-container\">\n\t\t\t\t\t\t\t\t\t\t\t\t\t\t\t<img decoding=\"async\" src=\"https:\/\/arboriculteurs-sarreguemines-neunkirch.fr\/wp-content\/uploads\/2023\/04\/Liste-arbres-par-Proprio_06-31-03-2023.png\" title=\"\" alt=\"\" loading=\"lazy\" \/>\t\t\t\t\t\t\t\t\t\t\t\t\t\t\t<\/div>\n\t\t\t\t<\/div>\n\t\t\t\t\t<\/div>\n\t\t<\/div>\n\t\t\t\t\t<\/div>\n\t\t<\/section>\n\t\t\t\t<\/div>\n\t\t","protected":false},"excerpt":{"rendered":"<p>Liste des arbres par propri\u00e9taire (mise \u00e0 jour le 27\/04\/2025) T\u00e9l\u00e9charger la liste PDF :Liste des arbres par propri\u00e9taire<\/p>\n","protected":false},"author":1,"featured_media":11,"parent":225,"menu_order":0,"comment_status":"closed","ping_status":"closed","template":"","meta":{"_eb_attr":"","site-sidebar-layout":"no-sidebar","site-content-layout":"page-builder","ast-global-header-display":"","ast-main-header-display":"","ast-hfb-above-header-display":"","ast-hfb-below-header-display":"","ast-hfb-mobile-header-display":"","site-post-title":"disabled","ast-breadcrumbs-content":"","ast-featured-img":"disabled","footer-sml-layout":"","theme-transparent-header-meta":"","adv-header-id-meta":"","stick-header-meta":"","header-above-stick-meta":"","header-main-stick-meta":"","header-below-stick-meta":"","footnotes":""},"class_list":["post-273","page","type-page","status-publish","has-post-thumbnail","hentry"],"_links":{"self":[{"href":"https:\/\/arboriculteurs-sarreguemines-neunkirch.fr\/index.php\/wp-json\/wp\/v2\/pages\/273","targetHints":{"allow":["GET"]}}],"collection":[{"href":"https:\/\/arboriculteurs-sarreguemines-neunkirch.fr\/index.php\/wp-json\/wp\/v2\/pages"}],"about":[{"href":"https:\/\/arboriculteurs-sarreguemines-neunkirch.fr\/index.php\/wp-json\/wp\/v2\/types\/page"}],"author":[{"embeddable":true,"href":"https:\/\/arboriculteurs-sarreguemines-neunkirch.fr\/index.php\/wp-json\/wp\/v2\/users\/1"}],"replies":[{"embeddable":true,"href":"https:\/\/arboriculteurs-sarreguemines-neunkirch.fr\/index.php\/wp-json\/wp\/v2\/comments?post=273"}],"version-history":[{"count":23,"href":"https:\/\/arboriculteurs-sarreguemines-neunkirch.fr\/index.php\/wp-json\/wp\/v2\/pages\/273\/revisions"}],"predecessor-version":[{"id":602,"href":"https:\/\/arboriculteurs-sarreguemines-neunkirch.fr\/index.php\/wp-json\/wp\/v2\/pages\/273\/revisions\/602"}],"up":[{"embeddable":true,"href":"https:\/\/arboriculteurs-sarreguemines-neunkirch.fr\/index.php\/wp-json\/wp\/v2\/pages\/225"}],"wp:featuredmedia":[{"embeddable":true,"href":"https:\/\/arboriculteurs-sarreguemines-neunkirch.fr\/index.php\/wp-json\/wp\/v2\/media\/11"}],"wp:attachment":[{"href":"https:\/\/arboriculteurs-sarreguemines-neunkirch.fr\/index.php\/wp-json\/wp\/v2\/media?parent=273"}],"curies":[{"name":"wp","href":"https:\/\/api.w.org\/{rel}","templated":true}]}}