{"id":225,"date":"2023-03-26T14:16:06","date_gmt":"2023-03-26T12:16:06","guid":{"rendered":"https:\/\/arboriculteurs-sarreguemines-neunkirch.fr\/?page_id=225"},"modified":"2023-05-17T17:43:59","modified_gmt":"2023-05-17T15:43:59","slug":"verger","status":"publish","type":"page","link":"https:\/\/arboriculteurs-sarreguemines-neunkirch.fr\/index.php\/verger\/","title":{"rendered":"Au verger"},"content":{"rendered":"\t\t<div data-elementor-type=\"wp-page\" data-elementor-id=\"225\" class=\"elementor elementor-225\">\n\t\t\t\t\t\t<section class=\"elementor-section elementor-top-section elementor-element elementor-element-9932047 elementor-section-boxed elementor-section-height-default elementor-section-height-default\" data-id=\"9932047\" data-element_type=\"section\" data-e-type=\"section\" data-settings=\"{&quot;background_background&quot;:&quot;classic&quot;}\">\n\t\t\t\t\t\t<div class=\"elementor-container elementor-column-gap-default\">\n\t\t\t\t\t<div class=\"elementor-column elementor-col-100 elementor-top-column elementor-element elementor-element-6a2c288\" data-id=\"6a2c288\" data-element_type=\"column\" data-e-type=\"column\">\n\t\t\t<div class=\"elementor-widget-wrap elementor-element-populated\">\n\t\t\t\t\t\t<div class=\"elementor-element elementor-element-a1890ea elementor-widget elementor-widget-heading\" data-id=\"a1890ea\" data-element_type=\"widget\" data-e-type=\"widget\" data-widget_type=\"heading.default\">\n\t\t\t\t<div class=\"elementor-widget-container\">\n\t\t\t\t\t<h1 class=\"elementor-heading-title elementor-size-default\">Au Verger collectif<\/h1>\t\t\t\t<\/div>\n\t\t\t\t<\/div>\n\t\t\t\t\t<\/div>\n\t\t<\/div>\n\t\t\t\t\t<\/div>\n\t\t<\/section>\n\t\t\t\t<section class=\"elementor-section elementor-top-section elementor-element elementor-element-bc0a602 elementor-section-boxed elementor-section-height-default elementor-section-height-default\" data-id=\"bc0a602\" data-element_type=\"section\" data-e-type=\"section\">\n\t\t\t\t\t\t<div class=\"elementor-container elementor-column-gap-default\">\n\t\t\t\t\t<div class=\"elementor-column elementor-col-100 elementor-top-column elementor-element elementor-element-9b2ca96\" data-id=\"9b2ca96\" data-element_type=\"column\" data-e-type=\"column\">\n\t\t\t<div class=\"elementor-widget-wrap elementor-element-populated\">\n\t\t\t\t\t\t<div class=\"elementor-element elementor-element-eb91e1a elementor-widget elementor-widget-heading\" data-id=\"eb91e1a\" data-element_type=\"widget\" data-e-type=\"widget\" data-widget_type=\"heading.default\">\n\t\t\t\t<div class=\"elementor-widget-container\">\n\t\t\t\t\t<h2 class=\"elementor-heading-title elementor-size-default\">Quelques journ\u00e9es pass\u00e9es<\/h2>\t\t\t\t<\/div>\n\t\t\t\t<\/div>\n\t\t\t\t\t<\/div>\n\t\t<\/div>\n\t\t\t\t\t<\/div>\n\t\t<\/section>\n\t\t\t\t<section class=\"elementor-section elementor-top-section elementor-element elementor-element-ea6f577 elementor-section-boxed elementor-section-height-default elementor-section-height-default\" data-id=\"ea6f577\" data-element_type=\"section\" data-e-type=\"section\">\n\t\t\t\t\t\t<div class=\"elementor-container elementor-column-gap-default\">\n\t\t\t\t\t<div class=\"elementor-column elementor-col-100 elementor-top-column elementor-element elementor-element-27ba636\" data-id=\"27ba636\" data-element_type=\"column\" data-e-type=\"column\">\n\t\t\t<div class=\"elementor-widget-wrap elementor-element-populated\">\n\t\t\t\t\t\t<div class=\"elementor-element elementor-element-4175f07 elementor-widget-divider--view-line elementor-widget elementor-widget-divider\" data-id=\"4175f07\" data-element_type=\"widget\" data-e-type=\"widget\" data-widget_type=\"divider.default\">\n\t\t\t\t<div class=\"elementor-widget-container\">\n\t\t\t\t\t\t\t<div class=\"elementor-divider\">\n\t\t\t<span class=\"elementor-divider-separator\">\n\t\t\t\t\t\t<\/span>\n\t\t<\/div>\n\t\t\t\t\t\t<\/div>\n\t\t\t\t<\/div>\n\t\t\t\t\t<\/div>\n\t\t<\/div>\n\t\t\t\t\t<\/div>\n\t\t<\/section>\n\t\t\t\t<section class=\"elementor-section elementor-top-section elementor-element elementor-element-883db80 elementor-section-boxed elementor-section-height-default elementor-section-height-default\" data-id=\"883db80\" data-element_type=\"section\" data-e-type=\"section\">\n\t\t\t\t\t\t<div class=\"elementor-container elementor-column-gap-default\">\n\t\t\t\t\t<div class=\"elementor-column elementor-col-100 elementor-top-column elementor-element elementor-element-4593b0c\" data-id=\"4593b0c\" data-element_type=\"column\" data-e-type=\"column\">\n\t\t\t<div class=\"elementor-widget-wrap elementor-element-populated\">\n\t\t\t\t\t\t<div class=\"elementor-element elementor-element-2b5c170 elementor-widget elementor-widget-timeline-widget-addon\" data-id=\"2b5c170\" data-element_type=\"widget\" data-e-type=\"widget\" data-widget_type=\"timeline-widget-addon.default\">\n\t\t\t\t<div class=\"elementor-widget-container\">\n\t\t\t\t\t<!-- ========= Timeline Widget Addon For Elementor 1.6.24 ========= -->\n<div id=\"twae-wrapper-2b5c170\" class=\"twae-vertical twae-wrapper  twae-vertical-right\">   \n    <div class=\"twae-start\"><\/div>    \n    <div id=\"twea-timeline-2b5c170\" class=\"twae-timeline\" ><!-- Start of Story Repeater Content --><div id=\"story-8045b54\" class=\"twae-story twae-repeater-item twae-story-right twae-story-no-icon\"><!-- Story Label --><div class=\"twae-labels\"><div class=\"twae-label-big\">Samedi 25 mars 2023<\/div><div class=\"twae-label-small\">Lieu : verger de Neunkirch<\/div><\/div><!-- Story Icon --><div class=\"twae-icon\"><i aria-hidden=\"true\" class=\"far fa-clock\"><\/i><\/div><!-- Story Arrow --><div class=\"twae-arrow\"><\/div><!-- Start of Story Content --><div class=\"twae-content\"><!-- Story Title --><div class=\"twae-title\">Cours de taille gratuit<\/div><!-- Story Image --><div class=\"twae-media large\"><img fetchpriority=\"high\" decoding=\"async\" width=\"996\" height=\"623\" src=\"https:\/\/arboriculteurs-sarreguemines-neunkirch.fr\/wp-content\/uploads\/2023\/03\/Cours-arboriculture-du-25-03-2023.png\" class=\"attachment-large size-large\" alt=\"\" srcset=\"https:\/\/arboriculteurs-sarreguemines-neunkirch.fr\/wp-content\/uploads\/2023\/03\/Cours-arboriculture-du-25-03-2023.png 996w, https:\/\/arboriculteurs-sarreguemines-neunkirch.fr\/wp-content\/uploads\/2023\/03\/Cours-arboriculture-du-25-03-2023-300x188.png 300w, https:\/\/arboriculteurs-sarreguemines-neunkirch.fr\/wp-content\/uploads\/2023\/03\/Cours-arboriculture-du-25-03-2023-768x480.png 768w\" sizes=\"(max-width: 996px) 100vw, 996px\" \/><\/div><!-- Story Description --><div class=\"twae-description\"><p>Cours de taille dispens\u00e9 par notre Vice-Pr\u00e9sident Jean-Paul PRUVOST<\/p><\/div><\/div><\/div><!-- Start of Story Repeater Content --><div id=\"story-b8e37bc\" class=\"twae-story twae-repeater-item twae-story-right twae-story-no-icon\"><!-- Story Label --><div class=\"twae-labels\"><div class=\"twae-label-big\">Samedi 18 mars 2023<\/div><div class=\"twae-label-small\">Lieu : verger de Neunkirch<\/div><\/div><!-- Story Icon --><div class=\"twae-icon\"><i aria-hidden=\"true\" class=\"far fa-clock\"><\/i><\/div><!-- Story Arrow --><div class=\"twae-arrow\"><\/div><!-- Start of Story Content --><div class=\"twae-content\"><!-- Story Title --><div class=\"twae-title\">Cours de taille 1er niveau<\/div><!-- Story Image --><div class=\"twae-media large\"><img decoding=\"async\" width=\"646\" height=\"466\" src=\"https:\/\/arboriculteurs-sarreguemines-neunkirch.fr\/wp-content\/uploads\/2023\/03\/Cours-de-taille-1er-niveau-18-03-2023.png\" class=\"attachment-large size-large\" alt=\"\" srcset=\"https:\/\/arboriculteurs-sarreguemines-neunkirch.fr\/wp-content\/uploads\/2023\/03\/Cours-de-taille-1er-niveau-18-03-2023.png 646w, https:\/\/arboriculteurs-sarreguemines-neunkirch.fr\/wp-content\/uploads\/2023\/03\/Cours-de-taille-1er-niveau-18-03-2023-300x216.png 300w\" sizes=\"(max-width: 646px) 100vw, 646px\" \/><\/div><!-- Story Description --><div class=\"twae-description\"><p>Cours de taille dispens\u00e9 par Bernard Stablot\u00a0<\/p><\/div><\/div><\/div><!-- Start of Story Repeater Content --><div id=\"story-f78f8da\" class=\"twae-story twae-repeater-item twae-story-right twae-story-no-icon\"><!-- Story Label --><div class=\"twae-labels\"><div class=\"twae-label-big\">Samedi 07 f\u00e9vrier 2023<\/div><div class=\"twae-label-small\">Lieu : verger de Neunkirch<\/div><\/div><!-- Story Icon --><div class=\"twae-icon\"><i aria-hidden=\"true\" class=\"far fa-clock\"><\/i><\/div><!-- Story Arrow --><div class=\"twae-arrow\"><\/div><!-- Start of Story Content --><div class=\"twae-content\"><!-- Story Title --><div class=\"twae-title\">Cours de taille 1er niveau<\/div><!-- Story Image --><div class=\"twae-media large\"><img decoding=\"async\" width=\"1024\" height=\"545\" src=\"https:\/\/arboriculteurs-sarreguemines-neunkirch.fr\/wp-content\/uploads\/2023\/03\/Cours-de-taille-1er-niveau-07-02-2023-1024x545.png\" class=\"attachment-large size-large\" alt=\"\" srcset=\"https:\/\/arboriculteurs-sarreguemines-neunkirch.fr\/wp-content\/uploads\/2023\/03\/Cours-de-taille-1er-niveau-07-02-2023-1024x545.png 1024w, https:\/\/arboriculteurs-sarreguemines-neunkirch.fr\/wp-content\/uploads\/2023\/03\/Cours-de-taille-1er-niveau-07-02-2023-300x160.png 300w, https:\/\/arboriculteurs-sarreguemines-neunkirch.fr\/wp-content\/uploads\/2023\/03\/Cours-de-taille-1er-niveau-07-02-2023-768x409.png 768w, https:\/\/arboriculteurs-sarreguemines-neunkirch.fr\/wp-content\/uploads\/2023\/03\/Cours-de-taille-1er-niveau-07-02-2023-1536x818.png 1536w, https:\/\/arboriculteurs-sarreguemines-neunkirch.fr\/wp-content\/uploads\/2023\/03\/Cours-de-taille-1er-niveau-07-02-2023.png 1540w\" sizes=\"(max-width: 1024px) 100vw, 1024px\" \/><\/div><!-- Story Description --><div class=\"twae-description\"><p>Cours de taille dispens\u00e9 par Bernard Stablot\u00a0<\/p><\/div><\/div><\/div><!-- Start of Story Repeater Content --><div id=\"story-acdba68\" class=\"twae-story twae-repeater-item twae-story-right twae-story-no-icon\"><!-- Story Label --><div class=\"twae-labels\"><div class=\"twae-label-big\">Lundi 19 septembre 2022<\/div><div class=\"twae-label-small\">Lieu : verger de Neunkirch<\/div><\/div><!-- Story Icon --><div class=\"twae-icon\"><i aria-hidden=\"true\" class=\"far fa-clock\"><\/i><\/div><!-- Story Arrow --><div class=\"twae-arrow\"><\/div><!-- Start of Story Content --><div class=\"twae-content\"><!-- Story Title --><div class=\"twae-title\">Visite des \u00e9l\u00e8ves du Lyc\u00e9e Technique Henri Nomin\u00e9<\/div><!-- Story Image --><div class=\"twae-media large\"><img loading=\"lazy\" decoding=\"async\" width=\"900\" height=\"593\" src=\"https:\/\/arboriculteurs-sarreguemines-neunkirch.fr\/wp-content\/uploads\/2023\/03\/Visite-eleves-technique-19-09-2023.png\" class=\"attachment-large size-large\" alt=\"\" srcset=\"https:\/\/arboriculteurs-sarreguemines-neunkirch.fr\/wp-content\/uploads\/2023\/03\/Visite-eleves-technique-19-09-2023.png 900w, https:\/\/arboriculteurs-sarreguemines-neunkirch.fr\/wp-content\/uploads\/2023\/03\/Visite-eleves-technique-19-09-2023-300x198.png 300w, https:\/\/arboriculteurs-sarreguemines-neunkirch.fr\/wp-content\/uploads\/2023\/03\/Visite-eleves-technique-19-09-2023-768x506.png 768w\" sizes=\"(max-width: 900px) 100vw, 900px\" \/><\/div><!-- Story Description --><div class=\"twae-description\"><p>Visite des \u00e9l\u00e8ves de 2nde et de terminale du lyc\u00e9e technique Henri Nomin\u00e9 de Sarreguemines option traditions r\u00e9gionales (langue r\u00e9gionale Platt) sous la responsabilit\u00e9 de Mme L\u00e9a DRUI, sont venu visiter l'atelier de jus de pomme, l'alambic et notre verger collectif du Rodenbitzchen \u00e0 Neunkirch.<\/p><\/div><\/div><\/div><\/div>\n    <div class=\"twae-end\"><\/div>\n    <\/div><style type=\"text\/css\">@media (max-width: 1024px){ .twae-wrapper{--tw-ybx-size: 80px !important;}}@media (max-width: 767px){ .twae-wrapper{--tw-ybx-size: 80px !important}}<\/style>\t\t\t\t<\/div>\n\t\t\t\t<\/div>\n\t\t\t\t\t<\/div>\n\t\t<\/div>\n\t\t\t\t\t<\/div>\n\t\t<\/section>\n\t\t\t\t<section class=\"elementor-section elementor-top-section elementor-element elementor-element-9c0b6d5 elementor-section-boxed elementor-section-height-default elementor-section-height-default\" data-id=\"9c0b6d5\" data-element_type=\"section\" data-e-type=\"section\" data-settings=\"{&quot;background_background&quot;:&quot;classic&quot;}\">\n\t\t\t\t\t\t<div class=\"elementor-container elementor-column-gap-default\">\n\t\t\t\t\t<div class=\"elementor-column elementor-col-100 elementor-top-column elementor-element elementor-element-d412f78\" data-id=\"d412f78\" data-element_type=\"column\" data-e-type=\"column\">\n\t\t\t<div class=\"elementor-widget-wrap\">\n\t\t\t\t\t\t\t<\/div>\n\t\t<\/div>\n\t\t\t\t\t<\/div>\n\t\t<\/section>\n\t\t\t\t<\/div>\n\t\t","protected":false},"excerpt":{"rendered":"<p>Au Verger collectif Quelques journ\u00e9es pass\u00e9es Samedi 25 mars 2023Lieu : verger de NeunkirchCours de taille gratuit Cours de taille dispens\u00e9 par notre Vice-Pr\u00e9sident Jean-Paul PRUVOST Samedi 18 mars 2023Lieu : verger de NeunkirchCours de taille 1er niveau Cours de taille dispens\u00e9 par Bernard Stablot\u00a0 Samedi 07 f\u00e9vrier 2023Lieu : verger de NeunkirchCours de taille &hellip;<\/p>\n<p class=\"read-more\"> <a class=\"\" href=\"https:\/\/arboriculteurs-sarreguemines-neunkirch.fr\/index.php\/verger\/\"> <span class=\"screen-reader-text\">Au verger<\/span> Lire la suite\u00a0\u00bb<\/a><\/p>\n","protected":false},"author":1,"featured_media":0,"parent":0,"menu_order":0,"comment_status":"closed","ping_status":"closed","template":"","meta":{"_eb_attr":"","site-sidebar-layout":"no-sidebar","site-content-layout":"page-builder","ast-global-header-display":"","ast-main-header-display":"","ast-hfb-above-header-display":"","ast-hfb-below-header-display":"","ast-hfb-mobile-header-display":"","site-post-title":"disabled","ast-breadcrumbs-content":"","ast-featured-img":"disabled","footer-sml-layout":"","theme-transparent-header-meta":"","adv-header-id-meta":"","stick-header-meta":"","header-above-stick-meta":"","header-main-stick-meta":"","header-below-stick-meta":"","footnotes":""},"class_list":["post-225","page","type-page","status-publish","hentry"],"_links":{"self":[{"href":"https:\/\/arboriculteurs-sarreguemines-neunkirch.fr\/index.php\/wp-json\/wp\/v2\/pages\/225","targetHints":{"allow":["GET"]}}],"collection":[{"href":"https:\/\/arboriculteurs-sarreguemines-neunkirch.fr\/index.php\/wp-json\/wp\/v2\/pages"}],"about":[{"href":"https:\/\/arboriculteurs-sarreguemines-neunkirch.fr\/index.php\/wp-json\/wp\/v2\/types\/page"}],"author":[{"embeddable":true,"href":"https:\/\/arboriculteurs-sarreguemines-neunkirch.fr\/index.php\/wp-json\/wp\/v2\/users\/1"}],"replies":[{"embeddable":true,"href":"https:\/\/arboriculteurs-sarreguemines-neunkirch.fr\/index.php\/wp-json\/wp\/v2\/comments?post=225"}],"version-history":[{"count":13,"href":"https:\/\/arboriculteurs-sarreguemines-neunkirch.fr\/index.php\/wp-json\/wp\/v2\/pages\/225\/revisions"}],"predecessor-version":[{"id":363,"href":"https:\/\/arboriculteurs-sarreguemines-neunkirch.fr\/index.php\/wp-json\/wp\/v2\/pages\/225\/revisions\/363"}],"wp:attachment":[{"href":"https:\/\/arboriculteurs-sarreguemines-neunkirch.fr\/index.php\/wp-json\/wp\/v2\/media?parent=225"}],"curies":[{"name":"wp","href":"https:\/\/api.w.org\/{rel}","templated":true}]}}