{"id":16,"date":"2023-03-08T17:40:19","date_gmt":"2023-03-08T16:40:19","guid":{"rendered":"http:\/\/arborix.cluster029.hosting.ovh.net\/?page_id=16"},"modified":"2026-01-10T10:05:13","modified_gmt":"2026-01-10T09:05:13","slug":"site-des-arbos-de-neunkirch-arboriculteurs","status":"publish","type":"page","link":"https:\/\/arboriculteurs-sarreguemines-neunkirch.fr\/index.php\/site-des-arbos-de-neunkirch-arboriculteurs\/","title":{"rendered":"Jus de pommes"},"content":{"rendered":"\t\t<div data-elementor-type=\"wp-page\" data-elementor-id=\"16\" class=\"elementor elementor-16\">\n\t\t\t\t\t\t<section class=\"elementor-section elementor-top-section elementor-element elementor-element-30083b8 elementor-section-boxed elementor-section-height-default elementor-section-height-default\" data-id=\"30083b8\" data-element_type=\"section\" data-e-type=\"section\" data-settings=\"{&quot;background_background&quot;:&quot;classic&quot;}\">\n\t\t\t\t\t\t<div class=\"elementor-container elementor-column-gap-default\">\n\t\t\t\t\t<div class=\"elementor-column elementor-col-100 elementor-top-column elementor-element elementor-element-f3203d4\" data-id=\"f3203d4\" data-element_type=\"column\" data-e-type=\"column\">\n\t\t\t<div class=\"elementor-widget-wrap elementor-element-populated\">\n\t\t\t\t\t\t<div class=\"elementor-element elementor-element-f7492e8 elementor-widget elementor-widget-heading\" data-id=\"f7492e8\" data-element_type=\"widget\" data-e-type=\"widget\" data-widget_type=\"heading.default\">\n\t\t\t\t<div class=\"elementor-widget-container\">\n\t\t\t\t\t<h2 class=\"elementor-heading-title elementor-size-default\">Jus de pommes<\/h2>\t\t\t\t<\/div>\n\t\t\t\t<\/div>\n\t\t\t\t\t<\/div>\n\t\t<\/div>\n\t\t\t\t\t<\/div>\n\t\t<\/section>\n\t\t\t\t<section class=\"elementor-section elementor-top-section elementor-element elementor-element-bf5af14 elementor-section-boxed elementor-section-height-default elementor-section-height-default\" data-id=\"bf5af14\" data-element_type=\"section\" data-e-type=\"section\">\n\t\t\t\t\t\t<div class=\"elementor-container elementor-column-gap-default\">\n\t\t\t\t\t<div class=\"elementor-column elementor-col-100 elementor-top-column elementor-element elementor-element-b064c29\" data-id=\"b064c29\" data-element_type=\"column\" data-e-type=\"column\">\n\t\t\t<div class=\"elementor-widget-wrap elementor-element-populated\">\n\t\t\t\t\t\t<div class=\"elementor-element elementor-element-bd53194 elementor-widget elementor-widget-heading\" data-id=\"bd53194\" data-element_type=\"widget\" data-e-type=\"widget\" data-widget_type=\"heading.default\">\n\t\t\t\t<div class=\"elementor-widget-container\">\n\t\t\t\t\t<h2 class=\"elementor-heading-title elementor-size-default\">INFORMATION IMPORTANTE<\/h2>\t\t\t\t<\/div>\n\t\t\t\t<\/div>\n\t\t\t\t\t<\/div>\n\t\t<\/div>\n\t\t\t\t\t<\/div>\n\t\t<\/section>\n\t\t\t\t<section class=\"elementor-section elementor-top-section elementor-element elementor-element-3393a58 elementor-section-boxed elementor-section-height-default elementor-section-height-default\" data-id=\"3393a58\" data-element_type=\"section\" data-e-type=\"section\">\n\t\t\t\t\t\t<div class=\"elementor-container elementor-column-gap-default\">\n\t\t\t\t\t<div class=\"elementor-column elementor-col-100 elementor-top-column elementor-element elementor-element-15d1404\" data-id=\"15d1404\" data-element_type=\"column\" data-e-type=\"column\">\n\t\t\t<div class=\"elementor-widget-wrap elementor-element-populated\">\n\t\t\t\t\t\t<div class=\"elementor-element elementor-element-fe6d49b elementor-widget elementor-widget-text-editor\" data-id=\"fe6d49b\" data-element_type=\"widget\" data-e-type=\"widget\" data-widget_type=\"text-editor.default\">\n\t\t\t\t<div class=\"elementor-widget-container\">\n\t\t\t\t\t\t\t\t\t<p style=\"font-size: 16px; font-style: normal; font-weight: 400;\"><span style=\"font-style: inherit; font-weight: inherit;\">Afin de garantir une bonne organisation et d\u2019\u00e9viter des surplus ou des d\u00e9s\u00e9quilibres dans la qualit\u00e9 des fruits, le comit\u00e9 a d\u00e9cid\u00e9 que,\u00a0<\/span><span style=\"font-weight: bold; font-style: inherit;\">d\u00e8s le 19 septembre 2025<\/span><span style=\"font-style: inherit; font-weight: inherit;\">, toute personne souhaitant apporter des pommes doit au pr\u00e9alable obtenir l\u2019aval d\u2019un membre du comit\u00e9.<\/span><\/p><p style=\"font-size: 16px; font-style: normal; font-weight: 400;\">M Patrick PORTE responsable de l\u2019atelier de jus de pommes\u00a0: 06.88.83.88.94<\/p><p style=\"font-size: 16px; font-style: normal; font-weight: 400;\">Cette d\u00e9marche nous permettra de :<\/p><p style=\"font-size: 16px; font-style: normal; font-weight: 400; margin-left: 36pt; text-indent: -18pt;\"><span style=\"font-size: 10pt; font-family: Symbol;\">\u00b7<span style=\"font-variant-numeric: normal; font-variant-east-asian: normal; font-variant-alternates: normal; font-size-adjust: none; font-kerning: auto; font-optical-sizing: auto; font-feature-settings: normal; font-variation-settings: normal; font-variant-position: normal; font-variant-emoji: normal; font-stretch: normal; font-size: 7pt; line-height: normal; font-family: 'Times New Roman';\">\u00a0\u00a0\u00a0\u00a0\u00a0\u00a0\u00a0\u00a0\u00a0<\/span><\/span>mieux r\u00e9partir les apports entre chacun,<\/p><p style=\"font-size: 16px; font-style: normal; font-weight: 400; margin-left: 36pt; text-indent: -18pt;\"><span style=\"font-size: 10pt; font-family: Symbol;\">\u00b7<span style=\"font-variant-numeric: normal; font-variant-east-asian: normal; font-variant-alternates: normal; font-size-adjust: none; font-kerning: auto; font-optical-sizing: auto; font-feature-settings: normal; font-variation-settings: normal; font-variant-position: normal; font-variant-emoji: normal; font-stretch: normal; font-size: 7pt; line-height: normal; font-family: 'Times New Roman';\">\u00a0\u00a0\u00a0\u00a0\u00a0\u00a0\u00a0\u00a0\u00a0<\/span><\/span>d\u2019\u00e9viter des surplus importants,<\/p><p style=\"font-size: 16px; font-style: normal; font-weight: 400; margin-left: 36pt; text-indent: -18pt;\"><span style=\"font-size: 10pt; font-family: Symbol;\">\u00b7<span style=\"font-variant-numeric: normal; font-variant-east-asian: normal; font-variant-alternates: normal; font-size-adjust: none; font-kerning: auto; font-optical-sizing: auto; font-feature-settings: normal; font-variation-settings: normal; font-variant-position: normal; font-variant-emoji: normal; font-stretch: normal; font-size: 7pt; line-height: normal; font-family: 'Times New Roman';\">\u00a0\u00a0\u00a0\u00a0\u00a0\u00a0\u00a0\u00a0\u00a0<\/span><\/span>simplifier la logistique et la mise en vente.<\/p><p style=\"font-size: 16px; font-style: normal; font-weight: 400;\">De plus, si certains membres souhaitent acheter du\u00a0<span style=\"font-weight: bold;\">jus issu du surplus de pommes<\/span>, nous vous invitons \u00e0 vous manifester d\u00e8s maintenant afin que nous puissions anticiper les quantit\u00e9s \u00e0 presser.<\/p><p>Nous sommes convaincus que cette organisation profitera \u00e0 tous et contribuera au succ\u00e8s de notre saison de jus de pommes.<span style=\"color: var( --e-global-color-text ); font-family: var( --e-global-typography-text-font-family ), Sans-serif; font-weight: var( --e-global-typography-text-font-weight ); background-color: var(--ast-global-color-5); font-size: 1rem;\">\u00a0<\/span><\/p><p><span style=\"background-color: var(--ast-global-color-5); color: var( --e-global-color-text ); font-family: var( --e-global-typography-text-font-family ), Sans-serif; font-size: 1rem; font-style: inherit; font-weight: var( --e-global-typography-text-font-weight );\">La date d&rsquo;ouverture 2025 a \u00e9t\u00e9 fix\u00e9e au 13 septembre 2025.<\/span><\/p><p>Heures d&rsquo;ouvertures :\u00a0<span style=\"color: var( --e-global-color-text ); font-family: var( --e-global-typography-text-font-family ), Sans-serif; font-weight: var( --e-global-typography-text-font-weight ); background-color: var(--ast-global-color-5); font-size: 1rem;\">Tous les samedis de 14H00 &#8211; 18H00.<\/span><\/p><p>Derni\u00e8re r\u00e9ception de pommes : non d\u00e9fini<\/p><p>Derni\u00e8re vente de jus de pommes aux membres : non d\u00e9fini<\/p>\t\t\t\t\t\t\t\t<\/div>\n\t\t\t\t<\/div>\n\t\t\t\t<div class=\"elementor-element elementor-element-31de558 elementor-widget elementor-widget-video\" data-id=\"31de558\" data-element_type=\"widget\" data-e-type=\"widget\" data-settings=\"{&quot;youtube_url&quot;:&quot;https:\\\/\\\/youtu.be\\\/CQcf99Ghl78?si=ugsCSTRHGEk922_j&quot;,&quot;video_type&quot;:&quot;youtube&quot;,&quot;controls&quot;:&quot;yes&quot;}\" data-widget_type=\"video.default\">\n\t\t\t\t<div class=\"elementor-widget-container\">\n\t\t\t\t\t\t\t<div class=\"elementor-wrapper elementor-open-inline\">\n\t\t\t<div class=\"elementor-video\"><\/div>\t\t<\/div>\n\t\t\t\t\t\t<\/div>\n\t\t\t\t<\/div>\n\t\t\t\t\t<\/div>\n\t\t<\/div>\n\t\t\t\t\t<\/div>\n\t\t<\/section>\n\t\t\t\t<section class=\"elementor-section elementor-top-section elementor-element elementor-element-7b13c24 elementor-section-boxed elementor-section-height-default elementor-section-height-default\" data-id=\"7b13c24\" data-element_type=\"section\" data-e-type=\"section\">\n\t\t\t\t\t\t<div class=\"elementor-container elementor-column-gap-default\">\n\t\t\t\t\t<div class=\"elementor-column elementor-col-100 elementor-top-column elementor-element elementor-element-2fd1872\" data-id=\"2fd1872\" data-element_type=\"column\" data-e-type=\"column\">\n\t\t\t<div class=\"elementor-widget-wrap elementor-element-populated\">\n\t\t\t\t\t\t<div class=\"elementor-element elementor-element-5923781 elementor-widget elementor-widget-image\" data-id=\"5923781\" data-element_type=\"widget\" data-e-type=\"widget\" data-widget_type=\"image.default\">\n\t\t\t\t<div class=\"elementor-widget-container\">\n\t\t\t\t\t\t\t\t\t\t\t\t\t\t\t<img fetchpriority=\"high\" decoding=\"async\" width=\"1008\" height=\"721\" src=\"https:\/\/arboriculteurs-sarreguemines-neunkirch.fr\/wp-content\/uploads\/2025\/08\/Tarif-2025-001.jpg\" class=\"attachment-large size-large wp-image-611\" alt=\"\" srcset=\"https:\/\/arboriculteurs-sarreguemines-neunkirch.fr\/wp-content\/uploads\/2025\/08\/Tarif-2025-001.jpg 1008w, https:\/\/arboriculteurs-sarreguemines-neunkirch.fr\/wp-content\/uploads\/2025\/08\/Tarif-2025-001-300x215.jpg 300w, https:\/\/arboriculteurs-sarreguemines-neunkirch.fr\/wp-content\/uploads\/2025\/08\/Tarif-2025-001-768x549.jpg 768w\" sizes=\"(max-width: 1008px) 100vw, 1008px\" \/>\t\t\t\t\t\t\t\t\t\t\t\t\t\t\t<\/div>\n\t\t\t\t<\/div>\n\t\t\t\t<div class=\"elementor-element elementor-element-225e769 elementor-widget elementor-widget-image\" data-id=\"225e769\" data-element_type=\"widget\" data-e-type=\"widget\" data-widget_type=\"image.default\">\n\t\t\t\t<div class=\"elementor-widget-container\">\n\t\t\t\t\t\t\t\t\t\t\t\t\t\t\t<img decoding=\"async\" width=\"1001\" height=\"824\" src=\"https:\/\/arboriculteurs-sarreguemines-neunkirch.fr\/wp-content\/uploads\/2025\/08\/Tarif-2025-002.jpg\" class=\"attachment-large size-large wp-image-612\" alt=\"\" srcset=\"https:\/\/arboriculteurs-sarreguemines-neunkirch.fr\/wp-content\/uploads\/2025\/08\/Tarif-2025-002.jpg 1001w, https:\/\/arboriculteurs-sarreguemines-neunkirch.fr\/wp-content\/uploads\/2025\/08\/Tarif-2025-002-300x247.jpg 300w, https:\/\/arboriculteurs-sarreguemines-neunkirch.fr\/wp-content\/uploads\/2025\/08\/Tarif-2025-002-768x632.jpg 768w\" sizes=\"(max-width: 1001px) 100vw, 1001px\" \/>\t\t\t\t\t\t\t\t\t\t\t\t\t\t\t<\/div>\n\t\t\t\t<\/div>\n\t\t\t\t\t<\/div>\n\t\t<\/div>\n\t\t\t\t\t<\/div>\n\t\t<\/section>\n\t\t\t\t<section class=\"elementor-section elementor-top-section elementor-element elementor-element-e6d8482 elementor-section-boxed elementor-section-height-default elementor-section-height-default\" data-id=\"e6d8482\" data-element_type=\"section\" data-e-type=\"section\">\n\t\t\t\t\t\t<div class=\"elementor-container elementor-column-gap-default\">\n\t\t\t\t\t<div class=\"elementor-column elementor-col-100 elementor-top-column elementor-element elementor-element-55ab6dc\" data-id=\"55ab6dc\" data-element_type=\"column\" data-e-type=\"column\">\n\t\t\t<div class=\"elementor-widget-wrap\">\n\t\t\t\t\t\t\t<\/div>\n\t\t<\/div>\n\t\t\t\t\t<\/div>\n\t\t<\/section>\n\t\t\t\t<section class=\"elementor-section elementor-top-section elementor-element elementor-element-1d701ad elementor-section-boxed elementor-section-height-default elementor-section-height-default\" data-id=\"1d701ad\" data-element_type=\"section\" data-e-type=\"section\">\n\t\t\t\t\t\t<div class=\"elementor-container elementor-column-gap-default\">\n\t\t\t\t\t<div class=\"elementor-column elementor-col-100 elementor-top-column elementor-element elementor-element-0d72b4b\" data-id=\"0d72b4b\" data-element_type=\"column\" data-e-type=\"column\">\n\t\t\t<div class=\"elementor-widget-wrap elementor-element-populated\">\n\t\t\t\t\t\t<div class=\"elementor-element elementor-element-c76f1c1 elementor-widget elementor-widget-heading\" data-id=\"c76f1c1\" data-element_type=\"widget\" data-e-type=\"widget\" data-widget_type=\"heading.default\">\n\t\t\t\t<div class=\"elementor-widget-container\">\n\t\t\t\t\t<h2 class=\"elementor-heading-title elementor-size-default\">Souvenirs<\/h2>\t\t\t\t<\/div>\n\t\t\t\t<\/div>\n\t\t\t\t\t<\/div>\n\t\t<\/div>\n\t\t\t\t\t<\/div>\n\t\t<\/section>\n\t\t\t\t<section class=\"elementor-section elementor-top-section elementor-element elementor-element-0320a69 elementor-section-boxed elementor-section-height-default elementor-section-height-default\" data-id=\"0320a69\" data-element_type=\"section\" data-e-type=\"section\">\n\t\t\t\t\t\t<div class=\"elementor-container elementor-column-gap-default\">\n\t\t\t\t\t<div class=\"elementor-column elementor-col-100 elementor-top-column elementor-element elementor-element-2acee2b\" data-id=\"2acee2b\" data-element_type=\"column\" data-e-type=\"column\">\n\t\t\t<div class=\"elementor-widget-wrap elementor-element-populated\">\n\t\t\t\t\t\t<div class=\"elementor-element elementor-element-afbd159 elementor-widget elementor-widget-image\" data-id=\"afbd159\" data-element_type=\"widget\" data-e-type=\"widget\" data-widget_type=\"image.default\">\n\t\t\t\t<div class=\"elementor-widget-container\">\n\t\t\t\t\t\t\t\t\t\t\t\t<figure class=\"wp-caption\">\n\t\t\t\t\t\t\t\t\t\t<img decoding=\"async\" width=\"1024\" height=\"673\" src=\"https:\/\/arboriculteurs-sarreguemines-neunkirch.fr\/wp-content\/uploads\/2023\/03\/les-benevoles-pendant-jus-de-pommes-anciens-1024x673.jpg\" class=\"attachment-large size-large wp-image-90\" alt=\"\" srcset=\"https:\/\/arboriculteurs-sarreguemines-neunkirch.fr\/wp-content\/uploads\/2023\/03\/les-benevoles-pendant-jus-de-pommes-anciens-1024x673.jpg 1024w, https:\/\/arboriculteurs-sarreguemines-neunkirch.fr\/wp-content\/uploads\/2023\/03\/les-benevoles-pendant-jus-de-pommes-anciens-300x197.jpg 300w, https:\/\/arboriculteurs-sarreguemines-neunkirch.fr\/wp-content\/uploads\/2023\/03\/les-benevoles-pendant-jus-de-pommes-anciens-768x505.jpg 768w, https:\/\/arboriculteurs-sarreguemines-neunkirch.fr\/wp-content\/uploads\/2023\/03\/les-benevoles-pendant-jus-de-pommes-anciens.jpg 1162w\" sizes=\"(max-width: 1024px) 100vw, 1024px\" \/>\t\t\t\t\t\t\t\t\t\t\t<figcaption class=\"widget-image-caption wp-caption-text\">Equipe de jus de pommes avec le Pr\u00e9sident d'honneur Edouard Maurer<\/figcaption>\n\t\t\t\t\t\t\t\t\t\t<\/figure>\n\t\t\t\t\t\t\t\t\t<\/div>\n\t\t\t\t<\/div>\n\t\t\t\t<div class=\"elementor-element elementor-element-3800a9c elementor-widget elementor-widget-image\" data-id=\"3800a9c\" data-element_type=\"widget\" data-e-type=\"widget\" data-widget_type=\"image.default\">\n\t\t\t\t<div class=\"elementor-widget-container\">\n\t\t\t\t\t\t\t\t\t\t\t\t\t\t\t<img loading=\"lazy\" decoding=\"async\" width=\"1024\" height=\"776\" src=\"https:\/\/arboriculteurs-sarreguemines-neunkirch.fr\/wp-content\/uploads\/2024\/08\/Tarif-2024-002-1024x776.jpg\" class=\"attachment-large size-large wp-image-540\" alt=\"\" srcset=\"https:\/\/arboriculteurs-sarreguemines-neunkirch.fr\/wp-content\/uploads\/2024\/08\/Tarif-2024-002-1024x776.jpg 1024w, https:\/\/arboriculteurs-sarreguemines-neunkirch.fr\/wp-content\/uploads\/2024\/08\/Tarif-2024-002-300x227.jpg 300w, https:\/\/arboriculteurs-sarreguemines-neunkirch.fr\/wp-content\/uploads\/2024\/08\/Tarif-2024-002-768x582.jpg 768w, https:\/\/arboriculteurs-sarreguemines-neunkirch.fr\/wp-content\/uploads\/2024\/08\/Tarif-2024-002.jpg 1133w\" sizes=\"(max-width: 1024px) 100vw, 1024px\" \/>\t\t\t\t\t\t\t\t\t\t\t\t\t\t\t<\/div>\n\t\t\t\t<\/div>\n\t\t\t\t\t<\/div>\n\t\t<\/div>\n\t\t\t\t\t<\/div>\n\t\t<\/section>\n\t\t\t\t<\/div>\n\t\t","protected":false},"excerpt":{"rendered":"<p>Jus de pommes INFORMATION IMPORTANTE Afin de garantir une bonne organisation et d\u2019\u00e9viter des surplus ou des d\u00e9s\u00e9quilibres dans la qualit\u00e9 des fruits, le comit\u00e9 a d\u00e9cid\u00e9 que,\u00a0d\u00e8s le 19 septembre 2025, toute personne souhaitant apporter des pommes doit au pr\u00e9alable obtenir l\u2019aval d\u2019un membre du comit\u00e9. M Patrick PORTE responsable de l\u2019atelier de jus &hellip;<\/p>\n<p class=\"read-more\"> <a class=\"\" href=\"https:\/\/arboriculteurs-sarreguemines-neunkirch.fr\/index.php\/site-des-arbos-de-neunkirch-arboriculteurs\/\"> <span class=\"screen-reader-text\">Jus de pommes<\/span> Lire la suite\u00a0\u00bb<\/a><\/p>\n","protected":false},"author":1,"featured_media":11,"parent":0,"menu_order":0,"comment_status":"closed","ping_status":"closed","template":"","meta":{"_eb_attr":"","site-sidebar-layout":"no-sidebar","site-content-layout":"page-builder","ast-global-header-display":"","ast-main-header-display":"","ast-hfb-above-header-display":"","ast-hfb-below-header-display":"","ast-hfb-mobile-header-display":"","site-post-title":"disabled","ast-breadcrumbs-content":"","ast-featured-img":"disabled","footer-sml-layout":"","theme-transparent-header-meta":"","adv-header-id-meta":"","stick-header-meta":"","header-above-stick-meta":"","header-main-stick-meta":"","header-below-stick-meta":"","footnotes":""},"class_list":["post-16","page","type-page","status-publish","has-post-thumbnail","hentry"],"_links":{"self":[{"href":"https:\/\/arboriculteurs-sarreguemines-neunkirch.fr\/index.php\/wp-json\/wp\/v2\/pages\/16","targetHints":{"allow":["GET"]}}],"collection":[{"href":"https:\/\/arboriculteurs-sarreguemines-neunkirch.fr\/index.php\/wp-json\/wp\/v2\/pages"}],"about":[{"href":"https:\/\/arboriculteurs-sarreguemines-neunkirch.fr\/index.php\/wp-json\/wp\/v2\/types\/page"}],"author":[{"embeddable":true,"href":"https:\/\/arboriculteurs-sarreguemines-neunkirch.fr\/index.php\/wp-json\/wp\/v2\/users\/1"}],"replies":[{"embeddable":true,"href":"https:\/\/arboriculteurs-sarreguemines-neunkirch.fr\/index.php\/wp-json\/wp\/v2\/comments?post=16"}],"version-history":[{"count":105,"href":"https:\/\/arboriculteurs-sarreguemines-neunkirch.fr\/index.php\/wp-json\/wp\/v2\/pages\/16\/revisions"}],"predecessor-version":[{"id":624,"href":"https:\/\/arboriculteurs-sarreguemines-neunkirch.fr\/index.php\/wp-json\/wp\/v2\/pages\/16\/revisions\/624"}],"wp:featuredmedia":[{"embeddable":true,"href":"https:\/\/arboriculteurs-sarreguemines-neunkirch.fr\/index.php\/wp-json\/wp\/v2\/media\/11"}],"wp:attachment":[{"href":"https:\/\/arboriculteurs-sarreguemines-neunkirch.fr\/index.php\/wp-json\/wp\/v2\/media?parent=16"}],"curies":[{"name":"wp","href":"https:\/\/api.w.org\/{rel}","templated":true}]}}